{"id":4283,"date":"2022-08-13T14:25:42","date_gmt":"2022-08-13T14:25:42","guid":{"rendered":"https:\/\/inclusionsinlimitaciones.cl\/?page_id=4283"},"modified":"2022-11-27T13:46:48","modified_gmt":"2022-11-27T13:46:48","slug":"faqs-definiciones","status":"publish","type":"page","link":"https:\/\/inclusionsinlimitaciones.cl\/index.php\/faqs-definiciones\/","title":{"rendered":"FAQ\u00b4s &#038; Definiciones"},"content":{"rendered":"\t\t<div data-elementor-type=\"wp-page\" data-elementor-id=\"4283\" class=\"elementor elementor-4283\">\n\t\t\t\t\t\t<section class=\"elementor-section elementor-top-section elementor-element elementor-element-8486b93 elementor-section-boxed elementor-section-height-default elementor-section-height-default\" data-id=\"8486b93\" data-element_type=\"section\">\n\t\t\t\t\t\t<div class=\"elementor-container elementor-column-gap-default\">\n\t\t\t\t\t<div class=\"elementor-column elementor-col-100 elementor-top-column elementor-element elementor-element-8f6386e\" data-id=\"8f6386e\" data-element_type=\"column\">\n\t\t\t<div class=\"elementor-widget-wrap elementor-element-populated\">\n\t\t\t\t\t\t<div class=\"elementor-element elementor-element-aa740f6 elementor-tabs-view-horizontal elementor-widget elementor-widget-tabs\" data-id=\"aa740f6\" data-element_type=\"widget\" data-widget_type=\"tabs.default\">\n\t\t\t\t<div class=\"elementor-widget-container\">\n\t\t\t\t\t\t\t<div class=\"elementor-tabs\">\n\t\t\t<div class=\"elementor-tabs-wrapper\" role=\"tablist\" >\n\t\t\t\t\t\t\t\t\t<div id=\"elementor-tab-title-1781\" class=\"elementor-tab-title elementor-tab-desktop-title\" aria-selected=\"true\" data-tab=\"1\" role=\"tab\" tabindex=\"0\" aria-controls=\"elementor-tab-content-1781\" aria-expanded=\"false\">Discapacidad Intelectual<\/div>\n\t\t\t\t\t\t\t\t\t<div id=\"elementor-tab-title-1782\" class=\"elementor-tab-title elementor-tab-desktop-title\" aria-selected=\"false\" data-tab=\"2\" role=\"tab\" tabindex=\"-1\" aria-controls=\"elementor-tab-content-1782\" aria-expanded=\"false\">Inclusi\u00f3n Laboral<\/div>\n\t\t\t\t\t\t\t\t\t<div id=\"elementor-tab-title-1783\" class=\"elementor-tab-title elementor-tab-desktop-title\" aria-selected=\"false\" data-tab=\"3\" role=\"tab\" tabindex=\"-1\" aria-controls=\"elementor-tab-content-1783\" aria-expanded=\"false\">Capacidad Jur\u00eddica<\/div>\n\t\t\t\t\t\t\t<\/div>\n\t\t\t<div class=\"elementor-tabs-content-wrapper\" role=\"tablist\" aria-orientation=\"vertical\">\n\t\t\t\t\t\t\t\t\t<div class=\"elementor-tab-title elementor-tab-mobile-title\" aria-selected=\"true\" data-tab=\"1\" role=\"tab\" tabindex=\"0\" aria-controls=\"elementor-tab-content-1781\" aria-expanded=\"false\">Discapacidad Intelectual<\/div>\n\t\t\t\t\t<div id=\"elementor-tab-content-1781\" class=\"elementor-tab-content elementor-clearfix\" data-tab=\"1\" role=\"tabpanel\" aria-labelledby=\"elementor-tab-title-1781\" tabindex=\"0\" hidden=\"false\"><p><audio class=\"wp-audio-shortcode\" id=\"audio-4283-1\" preload=\"none\" style=\"width: 100%;\" controls=\"controls\"><source type=\"audio\/mpeg\" src=\"https:\/\/inclusionsinlimitaciones.cl\/wp-content\/uploads\/2022\/08\/audio_1.mp3?_=1\" \/><a href=\"https:\/\/inclusionsinlimitaciones.cl\/wp-content\/uploads\/2022\/08\/audio_1.mp3\">https:\/\/inclusionsinlimitaciones.cl\/wp-content\/uploads\/2022\/08\/audio_1.mp3<\/a><\/audio><\/p><p><strong>\u00bfQu\u00e9 es Discapacidad Intelectual?<\/strong><br \/>La discapacidad intelectual se caracteriza por limitaciones significativas en el funcionamiento intelectual y en la conducta adaptativa, las cuales se relacionan con el autocuidado, las habilidades sociales y de comunicaci\u00f3n, actividades de la vida diaria, entre otras. Esta se expresa en la interacci\u00f3n de la persona con el entorno que presenta obst\u00e1culos o barreras que dificultan el desempe\u00f1o.<\/p><p><audio class=\"wp-audio-shortcode\" id=\"audio-4283-2\" preload=\"none\" style=\"width: 100%;\" controls=\"controls\"><source type=\"audio\/mpeg\" src=\"https:\/\/inclusionsinlimitaciones.cl\/wp-content\/uploads\/2022\/08\/audio_2.mp3?_=2\" \/><a href=\"https:\/\/inclusionsinlimitaciones.cl\/wp-content\/uploads\/2022\/08\/audio_2.mp3\">https:\/\/inclusionsinlimitaciones.cl\/wp-content\/uploads\/2022\/08\/audio_2.mp3<\/a><\/audio><\/p><p><strong>\u00bfQu\u00e9 es TEA?<\/strong><br \/>El Trastorno del Espectro Autista (tambi\u00e9n conocido como TEA), se comprende como un grupo de alteraciones del neurodesarrollo cuyo origen se produce en la gestaci\u00f3n y que comienza a manifestarse en etapas tempranas del desarrollo humano. Los s\u00edntomas asociados a este diagn\u00f3stico tienen su expresi\u00f3n en la comunicaci\u00f3n, flexibilidad, imaginaci\u00f3n y en la interacci\u00f3n social, lo cual produce que el individuo presente limitaciones y dificultades en \u00e1reas espec\u00edficas y\/o globales a nivel individual, social, acad\u00e9mico, laboral, entre otros.\u00a0<\/p><p>Los s\u00edntomas del TEA se categorizan en dos grupos:\u00a0<\/p><p>a) Deficiencias en la comunicaci\u00f3n e interacci\u00f3n social.<\/p><p><span style=\"font-size: 16px;\">b) Patrones de comportamiento restrictivo y repetitivos.<\/span><\/p><p><audio class=\"wp-audio-shortcode\" id=\"audio-4283-3\" preload=\"none\" style=\"width: 100%;\" controls=\"controls\"><source type=\"audio\/mpeg\" src=\"https:\/\/inclusionsinlimitaciones.cl\/wp-content\/uploads\/2022\/08\/audio_3.mp3?_=3\" \/><a href=\"https:\/\/inclusionsinlimitaciones.cl\/wp-content\/uploads\/2022\/08\/audio_3.mp3\">https:\/\/inclusionsinlimitaciones.cl\/wp-content\/uploads\/2022\/08\/audio_3.mp3<\/a><\/audio><\/p><p><strong>\u00bfQu\u00e9 es S\u00edndrome de Down?<\/strong><br \/>El S\u00edndrome de Down (SD), tambi\u00e9n conocido como Trisom\u00eda 21, es una alteraci\u00f3n cromosom\u00e1tica producida por la presencia de un cromosoma extra en el par 21 de la estructura del ADN. Se le considera la alteraci\u00f3n gen\u00e9tica m\u00e1s frecuente en el ser humano, posicion\u00e1ndose como la principal causa de discapacidad intelectual a nivel mundial, sin embargo, su origen sigue siendo desconocido.<\/p><\/div>\n\t\t\t\t\t\t\t\t\t<div class=\"elementor-tab-title elementor-tab-mobile-title\" aria-selected=\"false\" data-tab=\"2\" role=\"tab\" tabindex=\"-1\" aria-controls=\"elementor-tab-content-1782\" aria-expanded=\"false\">Inclusi\u00f3n Laboral<\/div>\n\t\t\t\t\t<div id=\"elementor-tab-content-1782\" class=\"elementor-tab-content elementor-clearfix\" data-tab=\"2\" role=\"tabpanel\" aria-labelledby=\"elementor-tab-title-1782\" tabindex=\"0\" hidden=\"hidden\"><p><audio class=\"wp-audio-shortcode\" id=\"audio-4283-4\" preload=\"none\" style=\"width: 100%;\" controls=\"controls\"><source type=\"audio\/mpeg\" src=\"https:\/\/inclusionsinlimitaciones.cl\/wp-content\/uploads\/2022\/08\/audio_4.mp3?_=4\" \/><a href=\"https:\/\/inclusionsinlimitaciones.cl\/wp-content\/uploads\/2022\/08\/audio_4.mp3\">https:\/\/inclusionsinlimitaciones.cl\/wp-content\/uploads\/2022\/08\/audio_4.mp3<\/a><\/audio><\/p><p><strong>\u00bfQu\u00e9 es Inclusi\u00f3n?<\/strong><br \/>La inclusi\u00f3n es un enfoque que responde de manera positiva a la diversidad de las personas, entendiendo esta como una oportunidad para la mejora de la sociedad. Se entiende adem\u00e1s, como toda acci\u00f3n que promueva la plena participaci\u00f3n social, desde el enfoque de barreras y facilitadores.<\/p><p><audio class=\"wp-audio-shortcode\" id=\"audio-4283-5\" preload=\"none\" style=\"width: 100%;\" controls=\"controls\"><source type=\"audio\/mpeg\" src=\"https:\/\/inclusionsinlimitaciones.cl\/wp-content\/uploads\/2022\/08\/audio_5.mp3?_=5\" \/><a href=\"https:\/\/inclusionsinlimitaciones.cl\/wp-content\/uploads\/2022\/08\/audio_5.mp3\">https:\/\/inclusionsinlimitaciones.cl\/wp-content\/uploads\/2022\/08\/audio_5.mp3<\/a><\/audio><\/p><p><strong>\u00bfQu\u00e9 es inclusi\u00f3n laboral?<\/strong><br \/>Entendemos que es todo aquello dirigido a promover la vinculaci\u00f3n al mercado laboral de las personas con discapacidad, mediante oportunidades formativas adaptadas y accesibles a sus necesidades, brindando apoyos y ajustes razonables que les permitan acceder y mantener un trabajo remunerado, bajo las leyes que le garanticen seguridad y protecci\u00f3n social.<\/p><p><audio class=\"wp-audio-shortcode\" id=\"audio-4283-6\" preload=\"none\" style=\"width: 100%;\" controls=\"controls\"><source type=\"audio\/mpeg\" src=\"https:\/\/inclusionsinlimitaciones.cl\/wp-content\/uploads\/2022\/08\/audio_6.mp3?_=6\" \/><a href=\"https:\/\/inclusionsinlimitaciones.cl\/wp-content\/uploads\/2022\/08\/audio_6.mp3\">https:\/\/inclusionsinlimitaciones.cl\/wp-content\/uploads\/2022\/08\/audio_6.mp3<\/a><\/audio><\/p><p><strong>\u00bfQu\u00e9 es Empleo con Apoyo?<\/strong><br \/>Se define como un empleo integrado en la comunidad, donde personas con discapacidad, trabajan junto a iguales sin dichas limitaciones, y reciben apoyos individualizados, para facilitar su \u00e9xito a Largo Plazo. El empleo con apoyo, enfatiza en la meta de un salario y trabajos reales, apunta a alternativas menos segregadas (Mank, Cioffi, Yovanoff, 1997; en Senadis.gob.cl).<\/p><p><audio class=\"wp-audio-shortcode\" id=\"audio-4283-7\" preload=\"none\" style=\"width: 100%;\" controls=\"controls\"><source type=\"audio\/mpeg\" src=\"https:\/\/inclusionsinlimitaciones.cl\/wp-content\/uploads\/2022\/08\/audio_7.mp3?_=7\" \/><a href=\"https:\/\/inclusionsinlimitaciones.cl\/wp-content\/uploads\/2022\/08\/audio_7.mp3\">https:\/\/inclusionsinlimitaciones.cl\/wp-content\/uploads\/2022\/08\/audio_7.mp3<\/a><\/audio><\/p><p><strong>\u00bfQu\u00e9 es Trabajo Protegido?<\/strong><br \/>Se entiende como un trabajo productivo que participando regularmente en operaciones del mercado, asegura al trabajador un salario competitivo y le facilita los servicios de desarrollo personal y social que permitan una adecuada integraci\u00f3n en el empleo abierto y ordinario (Senadis.gob.cl).<\/p><\/div>\n\t\t\t\t\t\t\t\t\t<div class=\"elementor-tab-title elementor-tab-mobile-title\" aria-selected=\"false\" data-tab=\"3\" role=\"tab\" tabindex=\"-1\" aria-controls=\"elementor-tab-content-1783\" aria-expanded=\"false\">Capacidad Jur\u00eddica<\/div>\n\t\t\t\t\t<div id=\"elementor-tab-content-1783\" class=\"elementor-tab-content elementor-clearfix\" data-tab=\"3\" role=\"tabpanel\" aria-labelledby=\"elementor-tab-title-1783\" tabindex=\"0\" hidden=\"hidden\"><p><audio class=\"wp-audio-shortcode\" id=\"audio-4283-8\" preload=\"none\" style=\"width: 100%;\" controls=\"controls\"><source type=\"audio\/mpeg\" src=\"https:\/\/inclusionsinlimitaciones.cl\/wp-content\/uploads\/2022\/08\/audio_8.mp3?_=8\" \/><a href=\"https:\/\/inclusionsinlimitaciones.cl\/wp-content\/uploads\/2022\/08\/audio_8.mp3\">https:\/\/inclusionsinlimitaciones.cl\/wp-content\/uploads\/2022\/08\/audio_8.mp3<\/a><\/audio><\/p><p><em><strong>Capacidad jur\u00eddica en la discapacidad intelectual<\/strong><\/em><br \/><strong>Resumen basado en documentaci\u00f3n consultada por Corporaci\u00f3n APM<\/strong><\/p><p>Proyecto de ley: En la actualidad hay un proyecto de ley para modificar la legislaci\u00f3n acerca de capacidad jur\u00eddica.<\/p><p>En \u00e9l hay dos objetivos principales:<\/p><p>a) Eliminar la discriminaci\u00f3n en contra de Personas con discapacidad intelectual, cognitiva y psicosocial (PcDI), y consagrar su derecho a la autonom\u00eda.<\/p><p>b) Establecer las bases de un Sistema de Apoyos y Salvaguardas, para el ejercicio de la personalidad jur\u00eddica (Modificar Ley N\u00b020.422). Los cambios propuestos implican un cambio de paradigma, en la comprensi\u00f3n de la capacidad jur\u00eddica de las PcDI.<\/p><p>Sigue leyendo aqu\u00ed: Capacidad jur\u00eddica<\/p><\/div>\n\t\t\t\t\t\t\t<\/div>\n\t\t<\/div>\n\t\t\t\t\t\t<\/div>\n\t\t\t\t<\/div>\n\t\t\t\t\t<\/div>\n\t\t<\/div>\n\t\t\t\t\t<\/div>\n\t\t<\/section>\n\t\t\t\t<\/div>\n\t\t","protected":false},"excerpt":{"rendered":"<p>Discapacidad Intelectual Inclusi\u00f3n Laboral Capacidad Jur\u00eddica Discapacidad Intelectual https:\/\/inclusionsinlimitaciones.cl\/wp-content\/uploads\/2022\/08\/audio_1.mp3 \u00bfQu\u00e9 es Discapacidad Intelectual?La discapacidad intelectual se caracteriza por limitaciones significativas en el funcionamiento intelectual y en la conducta adaptativa, las cuales se relacionan con el autocuidado, las habilidades sociales y de comunicaci\u00f3n, actividades de la vida diaria, entre otras. Esta se expresa en la interacci\u00f3n &hellip; <a href=\"https:\/\/inclusionsinlimitaciones.cl\/index.php\/faqs-definiciones\/\" class=\"more-link\">Continue reading <span class=\"screen-reader-text\">FAQ\u00b4s &#038; Definiciones<\/span><\/a><\/p>\n","protected":false},"author":1,"featured_media":4295,"parent":0,"menu_order":0,"comment_status":"closed","ping_status":"closed","template":"elementor_theme","meta":{"footnotes":""},"class_list":["post-4283","page","type-page","status-publish","has-post-thumbnail","hentry"],"_links":{"self":[{"href":"https:\/\/inclusionsinlimitaciones.cl\/index.php\/wp-json\/wp\/v2\/pages\/4283","targetHints":{"allow":["GET"]}}],"collection":[{"href":"https:\/\/inclusionsinlimitaciones.cl\/index.php\/wp-json\/wp\/v2\/pages"}],"about":[{"href":"https:\/\/inclusionsinlimitaciones.cl\/index.php\/wp-json\/wp\/v2\/types\/page"}],"author":[{"embeddable":true,"href":"https:\/\/inclusionsinlimitaciones.cl\/index.php\/wp-json\/wp\/v2\/users\/1"}],"replies":[{"embeddable":true,"href":"https:\/\/inclusionsinlimitaciones.cl\/index.php\/wp-json\/wp\/v2\/comments?post=4283"}],"version-history":[{"count":79,"href":"https:\/\/inclusionsinlimitaciones.cl\/index.php\/wp-json\/wp\/v2\/pages\/4283\/revisions"}],"predecessor-version":[{"id":4379,"href":"https:\/\/inclusionsinlimitaciones.cl\/index.php\/wp-json\/wp\/v2\/pages\/4283\/revisions\/4379"}],"wp:featuredmedia":[{"embeddable":true,"href":"https:\/\/inclusionsinlimitaciones.cl\/index.php\/wp-json\/wp\/v2\/media\/4295"}],"wp:attachment":[{"href":"https:\/\/inclusionsinlimitaciones.cl\/index.php\/wp-json\/wp\/v2\/media?parent=4283"}],"curies":[{"name":"wp","href":"https:\/\/api.w.org\/{rel}","templated":true}]}}