{"id":3433,"date":"2022-05-18T19:27:49","date_gmt":"2022-05-18T19:27:49","guid":{"rendered":"https:\/\/inclusionsinlimitaciones.cl\/?page_id=3433"},"modified":"2022-09-24T23:14:24","modified_gmt":"2022-09-24T23:14:24","slug":"estado","status":"publish","type":"page","link":"https:\/\/inclusionsinlimitaciones.cl\/index.php\/alianzas\/estado\/","title":{"rendered":"Fondos Estado"},"content":{"rendered":"\t\t<div data-elementor-type=\"wp-page\" data-elementor-id=\"3433\" class=\"elementor elementor-3433\">\n\t\t\t\t\t\t<section class=\"elementor-section elementor-top-section elementor-element elementor-element-4475aa3f elementor-section-boxed elementor-section-height-default elementor-section-height-default\" data-id=\"4475aa3f\" data-element_type=\"section\">\n\t\t\t\t\t\t<div class=\"elementor-container elementor-column-gap-default\">\n\t\t\t\t\t<div class=\"elementor-column elementor-col-100 elementor-top-column elementor-element elementor-element-abbce5b\" data-id=\"abbce5b\" data-element_type=\"column\">\n\t\t\t<div class=\"elementor-widget-wrap elementor-element-populated\">\n\t\t\t\t\t\t<div class=\"elementor-element elementor-element-37fde530 elementor-widget elementor-widget-text-editor\" data-id=\"37fde530\" data-element_type=\"widget\" data-widget_type=\"text-editor.default\">\n\t\t\t\t<div class=\"elementor-widget-container\">\n\t\t\t\t\t\t\t\t\t\n<p><\/p>\n\n\n\n<p><\/p>\n\t\t\t\t\t\t\t\t<\/div>\n\t\t\t\t<\/div>\n\t\t\t\t\t<\/div>\n\t\t<\/div>\n\t\t\t\t\t<\/div>\n\t\t<\/section>\n\t\t\t\t<section class=\"elementor-section elementor-top-section elementor-element elementor-element-3a859e9a elementor-section-boxed elementor-section-height-default elementor-section-height-default\" data-id=\"3a859e9a\" data-element_type=\"section\">\n\t\t\t\t\t\t<div class=\"elementor-container elementor-column-gap-default\">\n\t\t\t\t\t<div class=\"elementor-column elementor-col-100 elementor-top-column elementor-element elementor-element-6454481c\" data-id=\"6454481c\" data-element_type=\"column\">\n\t\t\t<div class=\"elementor-widget-wrap elementor-element-populated\">\n\t\t\t\t\t\t<div class=\"elementor-element elementor-element-5651ae0a elementor-arrows-position-outside elementor-pagination-position-outside elementor-widget elementor-widget-image-carousel\" data-id=\"5651ae0a\" data-element_type=\"widget\" data-settings=\"{&quot;image_spacing_custom&quot;:{&quot;unit&quot;:&quot;px&quot;,&quot;size&quot;:0,&quot;sizes&quot;:[]},&quot;navigation&quot;:&quot;both&quot;,&quot;autoplay&quot;:&quot;yes&quot;,&quot;pause_on_hover&quot;:&quot;yes&quot;,&quot;pause_on_interaction&quot;:&quot;yes&quot;,&quot;autoplay_speed&quot;:5000,&quot;infinite&quot;:&quot;yes&quot;,&quot;speed&quot;:500,&quot;image_spacing_custom_tablet&quot;:{&quot;unit&quot;:&quot;px&quot;,&quot;size&quot;:&quot;&quot;,&quot;sizes&quot;:[]},&quot;image_spacing_custom_mobile&quot;:{&quot;unit&quot;:&quot;px&quot;,&quot;size&quot;:&quot;&quot;,&quot;sizes&quot;:[]}}\" data-widget_type=\"image-carousel.default\">\n\t\t\t\t<div class=\"elementor-widget-container\">\n\t\t\t\t\t\t\t<div class=\"elementor-image-carousel-wrapper swiper\" role=\"region\" aria-roledescription=\"carousel\" aria-label=\"Carrusel de im\u00e1genes\" dir=\"ltr\">\n\t\t\t<div class=\"elementor-image-carousel swiper-wrapper\" aria-live=\"off\">\n\t\t\t\t\t\t\t\t<div class=\"swiper-slide\" role=\"group\" aria-roledescription=\"slide\" aria-label=\"1 de 2\"><figure class=\"swiper-slide-inner\"><img decoding=\"async\" class=\"swiper-slide-image\" src=\"https:\/\/inclusionsinlimitaciones.cl\/wp-content\/uploads\/2022\/08\/logo_1e.jpg\" alt=\"logo_1e\" \/><\/figure><\/div><div class=\"swiper-slide\" role=\"group\" aria-roledescription=\"slide\" aria-label=\"2 de 2\"><figure class=\"swiper-slide-inner\"><img decoding=\"async\" class=\"swiper-slide-image\" src=\"https:\/\/inclusionsinlimitaciones.cl\/wp-content\/uploads\/2022\/08\/logo_2e.jpg\" alt=\"logo_2e\" \/><\/figure><\/div>\t\t\t<\/div>\n\t\t\t\t\t\t\t\t\t\t\t\t<div class=\"elementor-swiper-button elementor-swiper-button-prev\" role=\"button\" tabindex=\"0\">\n\t\t\t\t\t\t<i aria-hidden=\"true\" class=\"eicon-chevron-left\"><\/i>\t\t\t\t\t<\/div>\n\t\t\t\t\t<div class=\"elementor-swiper-button elementor-swiper-button-next\" role=\"button\" tabindex=\"0\">\n\t\t\t\t\t\t<i aria-hidden=\"true\" class=\"eicon-chevron-right\"><\/i>\t\t\t\t\t<\/div>\n\t\t\t\t\n\t\t\t\t\t\t\t\t\t<div class=\"swiper-pagination\"><\/div>\n\t\t\t\t\t\t\t\t\t<\/div>\n\t\t\t\t\t\t<\/div>\n\t\t\t\t<\/div>\n\t\t\t\t\t<\/div>\n\t\t<\/div>\n\t\t\t\t\t<\/div>\n\t\t<\/section>\n\t\t\t\t<section class=\"elementor-section elementor-top-section elementor-element elementor-element-2c79ad0 elementor-section-boxed elementor-section-height-default elementor-section-height-default\" data-id=\"2c79ad0\" data-element_type=\"section\">\n\t\t\t\t\t\t<div class=\"elementor-container elementor-column-gap-default\">\n\t\t\t\t\t<div class=\"elementor-column elementor-col-100 elementor-top-column elementor-element elementor-element-2565c027\" data-id=\"2565c027\" data-element_type=\"column\">\n\t\t\t<div class=\"elementor-widget-wrap elementor-element-populated\">\n\t\t\t\t\t\t<div class=\"elementor-element elementor-element-5f3a6af7 elementor-widget elementor-widget-text-editor\" data-id=\"5f3a6af7\" data-element_type=\"widget\" data-widget_type=\"text-editor.default\">\n\t\t\t\t<div class=\"elementor-widget-container\">\n\t\t\t\t\t\t\t\t\t<p>\u00bfCu\u00e1les son los deberes del Estado en materia de inclusi\u00f3n de las personas con discapacidad?<\/p>\n<p>\u2022 Promover la igualdad de oportunidades de las personas con discapacidad y mejorar su calidad de vida.<br \/>\u2022 Promover la autonom\u00eda personal de las personas con discapacidad en situaci\u00f3n de dependencia.<br \/>\u2022 Dar informaci\u00f3n p\u00fablica, permanente y actualizada sobre los planes conducentes a la prevenci\u00f3n de discapacidades.<br \/>\u2022 Fomentar la rehabilitaci\u00f3n, as\u00ed como la creaci\u00f3n de centros p\u00fablicos o privados de prevenci\u00f3n y rehabilitaci\u00f3n.<\/p>\t\t\t\t\t\t\t\t<\/div>\n\t\t\t\t<\/div>\n\t\t\t\t<div class=\"elementor-element elementor-element-2c8da92b elementor-widget elementor-widget-accordion\" data-id=\"2c8da92b\" data-element_type=\"widget\" data-widget_type=\"accordion.default\">\n\t\t\t\t<div class=\"elementor-widget-container\">\n\t\t\t\t\t\t\t<div class=\"elementor-accordion\">\n\t\t\t\t\t\t\t<div class=\"elementor-accordion-item\">\n\t\t\t\t\t<div id=\"elementor-tab-title-7471\" class=\"elementor-tab-title\" data-tab=\"1\" role=\"button\" aria-controls=\"elementor-tab-content-7471\" aria-expanded=\"false\">\n\t\t\t\t\t\t\t\t\t\t\t\t\t<span class=\"elementor-accordion-icon elementor-accordion-icon-left\" aria-hidden=\"true\">\n\t\t\t\t\t\t\t\t\t\t\t\t\t\t\t<span class=\"elementor-accordion-icon-closed\"><i class=\"fas fa-plus\"><\/i><\/span>\n\t\t\t\t\t\t\t\t<span class=\"elementor-accordion-icon-opened\"><i class=\"fas fa-minus\"><\/i><\/span>\n\t\t\t\t\t\t\t\t\t\t\t\t\t\t<\/span>\n\t\t\t\t\t\t\t\t\t\t\t\t<a class=\"elementor-accordion-title\" tabindex=\"0\">SENADIS<\/a>\n\t\t\t\t\t<\/div>\n\t\t\t\t\t<div id=\"elementor-tab-content-7471\" class=\"elementor-tab-content elementor-clearfix\" data-tab=\"1\" role=\"region\" aria-labelledby=\"elementor-tab-title-7471\"><p>Su finalidad es promover la igualdad de oportunidades, inclusi\u00f3n social, participaci\u00f3n y accesibilidad de las personas con discapacidad. Para ello coordinar\u00e1 acciones de organismos del Estado que tengan estos objetivos; asesorar\u00e1 al Comit\u00e9 de Ministros que crea la ley para el desarrollo de la pol\u00edtica p\u00fablica para las personas con discapacidad; elaborar\u00e1, ejecutar\u00e1 y financiar\u00e1 planes de acci\u00f3n de la pol\u00edtica nacional para las personas con discapacidad, propondr\u00e1 reformas legales al Presidente de la Rep\u00fablica, y realizar\u00e1 campa\u00f1as de difusi\u00f3n, entre otras tareas.<\/p><\/div>\n\t\t\t\t<\/div>\n\t\t\t\t\t\t\t<div class=\"elementor-accordion-item\">\n\t\t\t\t\t<div id=\"elementor-tab-title-7472\" class=\"elementor-tab-title\" data-tab=\"2\" role=\"button\" aria-controls=\"elementor-tab-content-7472\" aria-expanded=\"false\">\n\t\t\t\t\t\t\t\t\t\t\t\t\t<span class=\"elementor-accordion-icon elementor-accordion-icon-left\" aria-hidden=\"true\">\n\t\t\t\t\t\t\t\t\t\t\t\t\t\t\t<span class=\"elementor-accordion-icon-closed\"><i class=\"fas fa-plus\"><\/i><\/span>\n\t\t\t\t\t\t\t\t<span class=\"elementor-accordion-icon-opened\"><i class=\"fas fa-minus\"><\/i><\/span>\n\t\t\t\t\t\t\t\t\t\t\t\t\t\t<\/span>\n\t\t\t\t\t\t\t\t\t\t\t\t<a class=\"elementor-accordion-title\" tabindex=\"0\">FONAPI<\/a>\n\t\t\t\t\t<\/div>\n\t\t\t\t\t<div id=\"elementor-tab-content-7472\" class=\"elementor-tab-content elementor-clearfix\" data-tab=\"2\" role=\"region\" aria-labelledby=\"elementor-tab-title-7472\">Contenido del acorde\u00f3n<\/div>\n\t\t\t\t<\/div>\n\t\t\t\t\t\t\t<div class=\"elementor-accordion-item\">\n\t\t\t\t\t<div id=\"elementor-tab-title-7473\" class=\"elementor-tab-title\" data-tab=\"3\" role=\"button\" aria-controls=\"elementor-tab-content-7473\" aria-expanded=\"false\">\n\t\t\t\t\t\t\t\t\t\t\t\t\t<span class=\"elementor-accordion-icon elementor-accordion-icon-left\" aria-hidden=\"true\">\n\t\t\t\t\t\t\t\t\t\t\t\t\t\t\t<span class=\"elementor-accordion-icon-closed\"><i class=\"fas fa-plus\"><\/i><\/span>\n\t\t\t\t\t\t\t\t<span class=\"elementor-accordion-icon-opened\"><i class=\"fas fa-minus\"><\/i><\/span>\n\t\t\t\t\t\t\t\t\t\t\t\t\t\t<\/span>\n\t\t\t\t\t\t\t\t\t\t\t\t<a class=\"elementor-accordion-title\" tabindex=\"0\">FFOIP<\/a>\n\t\t\t\t\t<\/div>\n\t\t\t\t\t<div id=\"elementor-tab-content-7473\" class=\"elementor-tab-content elementor-clearfix\" data-tab=\"3\" role=\"region\" aria-labelledby=\"elementor-tab-title-7473\">Contenido del acorde\u00f3n<\/div>\n\t\t\t\t<\/div>\n\t\t\t\t\t\t\t<div class=\"elementor-accordion-item\">\n\t\t\t\t\t<div id=\"elementor-tab-title-7474\" class=\"elementor-tab-title\" data-tab=\"4\" role=\"button\" aria-controls=\"elementor-tab-content-7474\" aria-expanded=\"false\">\n\t\t\t\t\t\t\t\t\t\t\t\t\t<span class=\"elementor-accordion-icon elementor-accordion-icon-left\" aria-hidden=\"true\">\n\t\t\t\t\t\t\t\t\t\t\t\t\t\t\t<span class=\"elementor-accordion-icon-closed\"><i class=\"fas fa-plus\"><\/i><\/span>\n\t\t\t\t\t\t\t\t<span class=\"elementor-accordion-icon-opened\"><i class=\"fas fa-minus\"><\/i><\/span>\n\t\t\t\t\t\t\t\t\t\t\t\t\t\t<\/span>\n\t\t\t\t\t\t\t\t\t\t\t\t<a class=\"elementor-accordion-title\" tabindex=\"0\">MIDESO<\/a>\n\t\t\t\t\t<\/div>\n\t\t\t\t\t<div id=\"elementor-tab-content-7474\" class=\"elementor-tab-content elementor-clearfix\" data-tab=\"4\" role=\"region\" aria-labelledby=\"elementor-tab-title-7474\"><p>Contribuir en el dise\u00f1o y aplicaci\u00f3n de pol\u00edticas, planes y programas en materia de desarrollo social, especialmente aquellas destinadas a erradicar la pobreza y brindar protecci\u00f3n social a las personas o grupos vulnerables, promoviendo la movilidad e integraci\u00f3n social.<\/p><\/div>\n\t\t\t\t<\/div>\n\t\t\t\t\t\t\t\t<\/div>\n\t\t\t\t\t\t<\/div>\n\t\t\t\t<\/div>\n\t\t\t\t\t<\/div>\n\t\t<\/div>\n\t\t\t\t\t<\/div>\n\t\t<\/section>\n\t\t\t\t<section class=\"elementor-section elementor-top-section elementor-element elementor-element-48bbe5d5 elementor-section-boxed elementor-section-height-default elementor-section-height-default\" data-id=\"48bbe5d5\" data-element_type=\"section\">\n\t\t\t\t\t\t<div class=\"elementor-container elementor-column-gap-default\">\n\t\t\t\t\t<div class=\"elementor-column elementor-col-100 elementor-top-column elementor-element elementor-element-686c768c\" data-id=\"686c768c\" data-element_type=\"column\">\n\t\t\t<div class=\"elementor-widget-wrap elementor-element-populated\">\n\t\t\t\t\t\t<div class=\"elementor-element elementor-element-7bb18a78 elementor-widget elementor-widget-accordion\" data-id=\"7bb18a78\" data-element_type=\"widget\" data-widget_type=\"accordion.default\">\n\t\t\t\t<div class=\"elementor-widget-container\">\n\t\t\t\t\t\t\t<div class=\"elementor-accordion\">\n\t\t\t\t\t\t\t<div class=\"elementor-accordion-item\">\n\t\t\t\t\t<div id=\"elementor-tab-title-2071\" class=\"elementor-tab-title\" data-tab=\"1\" role=\"button\" aria-controls=\"elementor-tab-content-2071\" aria-expanded=\"false\">\n\t\t\t\t\t\t\t\t\t\t\t\t\t<span class=\"elementor-accordion-icon elementor-accordion-icon-left\" aria-hidden=\"true\">\n\t\t\t\t\t\t\t\t\t\t\t\t\t\t\t<span class=\"elementor-accordion-icon-closed\"><i class=\"fas fa-plus\"><\/i><\/span>\n\t\t\t\t\t\t\t\t<span class=\"elementor-accordion-icon-opened\"><i class=\"fas fa-minus\"><\/i><\/span>\n\t\t\t\t\t\t\t\t\t\t\t\t\t\t<\/span>\n\t\t\t\t\t\t\t\t\t\t\t\t<a class=\"elementor-accordion-title\" tabindex=\"0\">1. Proyecto Cooperativa Apertura para el Ma\u00f1ana <\/a>\n\t\t\t\t\t<\/div>\n\t\t\t\t\t<div id=\"elementor-tab-content-2071\" class=\"elementor-tab-content elementor-clearfix\" data-tab=\"1\" role=\"region\" aria-labelledby=\"elementor-tab-title-2071\"><p><span style=\"font-size: 16px;\">Proyecto para la adquisici\u00f3n de equipamiento para la implementaci\u00f3n de un espacio de panader\u00eda y boller\u00eda, que adem\u00e1s permita la formaci\u00f3n de los j\u00f3venes en esta \u00e1rea, el proyecto contempla brindar un apoyo monetario a los y las j\u00f3venes participantes del proyecto.<\/span><\/p><p>Objetivo:\u00a0<span style=\"font-size: 16px;\">Avanzar desde una instancia de taller productivo a centros laborales sustentables, que permitan el ejercicio del derecho al trabajo de personas con discapacidad intelectual.<\/span><\/p><p><span style=\"font-size: 16px;\">Resultados Esperados:<\/span><\/p><p><span style=\"font-size: 16px;\">\u2022 Un espacio productivo funcionando, a lo menos, tres veces a la semana.<\/span><br \/><span style=\"font-size: 16px;\">\u2022 Doce j\u00f3venes participan activamente en taller de preparaci\u00f3n para el trabajo v\u00eda online.<\/span><br \/><span style=\"font-size: 16px;\">\u2022 O<\/span><span style=\"font-size: 16px;\">cho j\u00f3venes con discapacidad intelectual participan activamente en espacio de trabajo presencial.<\/span><\/p><\/div>\n\t\t\t\t<\/div>\n\t\t\t\t\t\t\t<div class=\"elementor-accordion-item\">\n\t\t\t\t\t<div id=\"elementor-tab-title-2072\" class=\"elementor-tab-title\" data-tab=\"2\" role=\"button\" aria-controls=\"elementor-tab-content-2072\" aria-expanded=\"false\">\n\t\t\t\t\t\t\t\t\t\t\t\t\t<span class=\"elementor-accordion-icon elementor-accordion-icon-left\" aria-hidden=\"true\">\n\t\t\t\t\t\t\t\t\t\t\t\t\t\t\t<span class=\"elementor-accordion-icon-closed\"><i class=\"fas fa-plus\"><\/i><\/span>\n\t\t\t\t\t\t\t\t<span class=\"elementor-accordion-icon-opened\"><i class=\"fas fa-minus\"><\/i><\/span>\n\t\t\t\t\t\t\t\t\t\t\t\t\t\t<\/span>\n\t\t\t\t\t\t\t\t\t\t\t\t<a class=\"elementor-accordion-title\" tabindex=\"0\">2. Proyecto Cuid\u00e9mosnos entre todos y todas<\/a>\n\t\t\t\t\t<\/div>\n\t\t\t\t\t<div id=\"elementor-tab-content-2072\" class=\"elementor-tab-content elementor-clearfix\" data-tab=\"2\" role=\"region\" aria-labelledby=\"elementor-tab-title-2072\"><p>Proyecto que busca desarrollar un trabajo de acompa\u00f1amiento, capacitaci\u00f3n y educaci\u00f3n c\u00edvica a personas en situaci\u00f3n de discapacidad intelectual, que permita como resultado una participaci\u00f3n activa en el ejercicio de sus derechos en la vida pol\u00edtica y social del pa\u00eds.<\/p><p>Objetivo: Potenciar y fortalecer elementos de participaci\u00f3n ciudadana y del ejercicio de sus derechos en personas en situaci\u00f3n de discapacidad intelectual.<\/p><p>Resultados Esperados:<\/p><p>\u2022 Veinticinco personas en situaci\u00f3n de discapacidad intelectual, inscritas. Participan en talleres de capacitaci\u00f3n en modalidad accesible, online y presencial.<br \/>\u2022 Un taller con enfoque de genero con los siguientes contenidos: participaci\u00f3n, ciudadan\u00eda, derechos, entre otros.<br \/>\u2022 Cuatro c\u00e1psulas de material de difusi\u00f3n elaborado en modalidad digital accesible para personas en situaci\u00f3n de discapacidad.<br \/>\u2022 Seis actividades de difusi\u00f3n digital (en distintas plataformas), en modalidad accesible para personas en situaci\u00f3n de discapacidad.<\/p><\/div>\n\t\t\t\t<\/div>\n\t\t\t\t\t\t\t<div class=\"elementor-accordion-item\">\n\t\t\t\t\t<div id=\"elementor-tab-title-2073\" class=\"elementor-tab-title\" data-tab=\"3\" role=\"button\" aria-controls=\"elementor-tab-content-2073\" aria-expanded=\"false\">\n\t\t\t\t\t\t\t\t\t\t\t\t\t<span class=\"elementor-accordion-icon elementor-accordion-icon-left\" aria-hidden=\"true\">\n\t\t\t\t\t\t\t\t\t\t\t\t\t\t\t<span class=\"elementor-accordion-icon-closed\"><i class=\"fas fa-plus\"><\/i><\/span>\n\t\t\t\t\t\t\t\t<span class=\"elementor-accordion-icon-opened\"><i class=\"fas fa-minus\"><\/i><\/span>\n\t\t\t\t\t\t\t\t\t\t\t\t\t\t<\/span>\n\t\t\t\t\t\t\t\t\t\t\t\t<a class=\"elementor-accordion-title\" tabindex=\"0\">3. Proyecto Inclusi\u00f3n para todos y tadas<\/a>\n\t\t\t\t\t<\/div>\n\t\t\t\t\t<div id=\"elementor-tab-content-2073\" class=\"elementor-tab-content elementor-clearfix\" data-tab=\"3\" role=\"region\" aria-labelledby=\"elementor-tab-title-2073\"><p>Proyecto para la adquisici\u00f3n de insumos, para la implementaci\u00f3n de un espacio de panader\u00eda y boller\u00eda, con acompa\u00f1amiento de los profesionales, visitas a las familias y reforzamiento en el \u00e1rea productiva de formaci\u00f3n y pr\u00e1ctica de los y las j\u00f3venes.<\/p><p>Objetivo:\u00a0Reorganizar la disponibilidad de servicios y apoyos dirigidos a personas con discapacidad intelectual severa de distintas comunas de Santiago, con el fin favorecer el potencial de recuperaci\u00f3n de las habilidades sociolaborales afectadas durante el confinamiento.<\/p><p>Resultados Esperados:<\/p><p><span style=\"font-size: 16px;\">\u2022\u00a0<\/span>Espacio productivo de panader\u00eda &#8211; boller\u00eda funcionando permanentemente.\u00a0<br \/><span style=\"font-size: 16px;\">\u2022 Quince<\/span> familias con acompa\u00f1amiento y seguimiento por parte del equipo profesional de APM.<br \/><span style=\"font-size: 16px;\">\u2022 Diecisiete<\/span> j\u00f3venes participan de un taller productivo.<br \/><span style=\"font-size: 16px;\">\u2022 Veinte<\/span> j\u00f3venes cuentan con acompa\u00f1amiento y seguimiento por parte del equipo profesional de APM.<\/p><\/div>\n\t\t\t\t<\/div>\n\t\t\t\t\t\t\t<div class=\"elementor-accordion-item\">\n\t\t\t\t\t<div id=\"elementor-tab-title-2074\" class=\"elementor-tab-title\" data-tab=\"4\" role=\"button\" aria-controls=\"elementor-tab-content-2074\" aria-expanded=\"false\">\n\t\t\t\t\t\t\t\t\t\t\t\t\t<span class=\"elementor-accordion-icon elementor-accordion-icon-left\" aria-hidden=\"true\">\n\t\t\t\t\t\t\t\t\t\t\t\t\t\t\t<span class=\"elementor-accordion-icon-closed\"><i class=\"fas fa-plus\"><\/i><\/span>\n\t\t\t\t\t\t\t\t<span class=\"elementor-accordion-icon-opened\"><i class=\"fas fa-minus\"><\/i><\/span>\n\t\t\t\t\t\t\t\t\t\t\t\t\t\t<\/span>\n\t\t\t\t\t\t\t\t\t\t\t\t<a class=\"elementor-accordion-title\" tabindex=\"0\">4. Proyecto Cuid\u00e1ndonos entre todos y todas<\/a>\n\t\t\t\t\t<\/div>\n\t\t\t\t\t<div id=\"elementor-tab-content-2074\" class=\"elementor-tab-content elementor-clearfix\" data-tab=\"4\" role=\"region\" aria-labelledby=\"elementor-tab-title-2074\"><p>Proyecto que permita fortalecer el tema del cuidado y autocuidado en tiempos de pandemia y que los y las j\u00f3venes a trav\u00e9s de la elaboraci\u00f3n de dos c\u00e1psulas compartan y eduquen en estos saberes a otros integrantes de la sociedad. Adem\u00e1s, el proyecto contempla la contrataci\u00f3n o ampliaci\u00f3n de licencia de plataforma Zoom.<\/p><p>Objetivo: Aplicar saberes y pr\u00e1cticas relevantes para el afrontamiento de la pandemia y la prevenci\u00f3n del contagio y propagaci\u00f3n del COVID19, de manera que las personas en situaci\u00f3n de discapacidad intelectual, sean actores activos en los proceso de educaci\u00f3n y prevenci\u00f3n de la pandemia con la comunidad.<\/p><p>Resultados Esperados:<\/p><p>\u2022 Un taller de ocho sesiones de t\u00e9cnicas para compartir conocimientos y aprendizajes de medidas preventivas, cuidado y autocuidado en tiempos de pandemia para personas en situaci\u00f3n de discapacidad intelectual.<br \/>\u2022 Quince personas en situaci\u00f3n de discapacidad intelectual inscritas y que participan activamente en el taller.<br \/>\u2022 Dos c\u00e1psulas de material educativo accesible de difusi\u00f3n desarrollado que incluya la participaci\u00f3n de a lo menos dos personas en situaci\u00f3n de discapacidad intelectual en su elaboraci\u00f3n y producci\u00f3n.<\/p><\/div>\n\t\t\t\t<\/div>\n\t\t\t\t\t\t\t<div class=\"elementor-accordion-item\">\n\t\t\t\t\t<div id=\"elementor-tab-title-2075\" class=\"elementor-tab-title\" data-tab=\"5\" role=\"button\" aria-controls=\"elementor-tab-content-2075\" aria-expanded=\"false\">\n\t\t\t\t\t\t\t\t\t\t\t\t\t<span class=\"elementor-accordion-icon elementor-accordion-icon-left\" aria-hidden=\"true\">\n\t\t\t\t\t\t\t\t\t\t\t\t\t\t\t<span class=\"elementor-accordion-icon-closed\"><i class=\"fas fa-plus\"><\/i><\/span>\n\t\t\t\t\t\t\t\t<span class=\"elementor-accordion-icon-opened\"><i class=\"fas fa-minus\"><\/i><\/span>\n\t\t\t\t\t\t\t\t\t\t\t\t\t\t<\/span>\n\t\t\t\t\t\t\t\t\t\t\t\t<a class=\"elementor-accordion-title\" tabindex=\"0\">5. Proyecto Integraci\u00f3n social y participaci\u00f3n: desde un taller productivo a un espacio sustentable<\/a>\n\t\t\t\t\t<\/div>\n\t\t\t\t\t<div id=\"elementor-tab-content-2075\" class=\"elementor-tab-content elementor-clearfix\" data-tab=\"5\" role=\"region\" aria-labelledby=\"elementor-tab-title-2075\"><p>Proyecto para la adquisici\u00f3n de materiales e insumos, para el fortalecimiento del espacio de panader\u00eda y boller\u00eda y la habilitaci\u00f3n de un espacio de cafeter\u00eda &#8211; teter\u00eda, con acompa\u00f1amiento de los profesionales, visitas a las familias y reforzamiento en el \u00e1rea productiva incorporando el \u00e1rea de servicio y atenci\u00f3n al cliente.<\/p><p>Fortalecer los procesos de taller productivo y de servicios en v\u00edas de avanzar hacia centros laborales sustentables, que permitan el ejercicio del derecho al trabajo de personas en situaci\u00f3n de discapacidad intelectual, cohesionando instancias de un espacio de trabajo protegido que funcione en forma permanente en alianzas con otras organizaciones y\/o instituciones.<\/p><p>Resultados Esperados:<\/p><p>\u2022 Espacio productivo fortalecido y en ejecuci\u00f3n.<br \/>\u2022 Diez j\u00f3venes y\/o adultos con discapacidad intelectual contin\u00faan participando en taller productivo de panader\u00eda &#8211; boller\u00eda.<br \/>\u2022 Espacio de servicio de cafeter\u00eda &#8211; teter\u00eda habilitado y funcionando.<br \/>\u2022 A lo menos tres alianzas de cooperaci\u00f3n con personas u organizaciones de la regi\u00f3n metropolitana en funcionamiento.<br \/>\u2022 Diecis\u00e9is j\u00f3venes y\/o adultos y sus familias y con acompa\u00f1amiento y seguimiento por parte del equipo profesional de APM y estudiantes en pr\u00e1ctica.<\/p><\/div>\n\t\t\t\t<\/div>\n\t\t\t\t\t\t\t<div class=\"elementor-accordion-item\">\n\t\t\t\t\t<div id=\"elementor-tab-title-2076\" class=\"elementor-tab-title\" data-tab=\"6\" role=\"button\" aria-controls=\"elementor-tab-content-2076\" aria-expanded=\"false\">\n\t\t\t\t\t\t\t\t\t\t\t\t\t<span class=\"elementor-accordion-icon elementor-accordion-icon-left\" aria-hidden=\"true\">\n\t\t\t\t\t\t\t\t\t\t\t\t\t\t\t<span class=\"elementor-accordion-icon-closed\"><i class=\"fas fa-plus\"><\/i><\/span>\n\t\t\t\t\t\t\t\t<span class=\"elementor-accordion-icon-opened\"><i class=\"fas fa-minus\"><\/i><\/span>\n\t\t\t\t\t\t\t\t\t\t\t\t\t\t<\/span>\n\t\t\t\t\t\t\t\t\t\t\t\t<a class=\"elementor-accordion-title\" tabindex=\"0\">6. Proyecto Desde un taller laboral a un taller sustentable<\/a>\n\t\t\t\t\t<\/div>\n\t\t\t\t\t<div id=\"elementor-tab-content-2076\" class=\"elementor-tab-content elementor-clearfix\" data-tab=\"6\" role=\"region\" aria-labelledby=\"elementor-tab-title-2076\"><p>Proyecto para la adquisici\u00f3n de equipamiento que permita reforzar el espacio de panader\u00eda y boller\u00eda y la habilitaci\u00f3n de un espacio de cafeter\u00eda &#8211; teter\u00eda, impulsando el \u00e1rea de banqueter\u00eda, servicio y atenci\u00f3n al cliente.<\/p><p>Objetivo: Fortalecer espacios productivos y de servicios para progresar a centros laborales sustentables.<\/p><p>Resultados Esperados:<\/p><p>\u2022 Taller productivo de panader\u00eda &#8211; boller\u00eda fortalecido Habilitado servicio de cafeter\u00eda &#8211; teter\u00eda.<br \/>\u2022 Asesor\u00eda externa de capacitaci\u00f3n en gesti\u00f3n interna ejecutada.<br \/>\u2022 J\u00f3venes participan en taller de enfoque de g\u00e9nero.<\/p><\/div>\n\t\t\t\t<\/div>\n\t\t\t\t\t\t\t\t<\/div>\n\t\t\t\t\t\t<\/div>\n\t\t\t\t<\/div>\n\t\t\t\t\t<\/div>\n\t\t<\/div>\n\t\t\t\t\t<\/div>\n\t\t<\/section>\n\t\t\t\t<\/div>\n\t\t","protected":false},"excerpt":{"rendered":"<p>Anterior Siguiente \u00bfCu\u00e1les son los deberes del Estado en materia de inclusi\u00f3n de las personas con discapacidad? \u2022 Promover la igualdad de oportunidades de las personas con discapacidad y mejorar su calidad de vida.\u2022 Promover la autonom\u00eda personal de las personas con discapacidad en situaci\u00f3n de dependencia.\u2022 Dar informaci\u00f3n p\u00fablica, permanente y actualizada sobre los &hellip; <a href=\"https:\/\/inclusionsinlimitaciones.cl\/index.php\/alianzas\/estado\/\" class=\"more-link\">Continue reading <span class=\"screen-reader-text\">Fondos Estado<\/span><\/a><\/p>\n","protected":false},"author":1,"featured_media":4564,"parent":3427,"menu_order":3,"comment_status":"closed","ping_status":"closed","template":"","meta":{"footnotes":""},"class_list":["post-3433","page","type-page","status-publish","has-post-thumbnail","hentry"],"_links":{"self":[{"href":"https:\/\/inclusionsinlimitaciones.cl\/index.php\/wp-json\/wp\/v2\/pages\/3433","targetHints":{"allow":["GET"]}}],"collection":[{"href":"https:\/\/inclusionsinlimitaciones.cl\/index.php\/wp-json\/wp\/v2\/pages"}],"about":[{"href":"https:\/\/inclusionsinlimitaciones.cl\/index.php\/wp-json\/wp\/v2\/types\/page"}],"author":[{"embeddable":true,"href":"https:\/\/inclusionsinlimitaciones.cl\/index.php\/wp-json\/wp\/v2\/users\/1"}],"replies":[{"embeddable":true,"href":"https:\/\/inclusionsinlimitaciones.cl\/index.php\/wp-json\/wp\/v2\/comments?post=3433"}],"version-history":[{"count":25,"href":"https:\/\/inclusionsinlimitaciones.cl\/index.php\/wp-json\/wp\/v2\/pages\/3433\/revisions"}],"predecessor-version":[{"id":6514,"href":"https:\/\/inclusionsinlimitaciones.cl\/index.php\/wp-json\/wp\/v2\/pages\/3433\/revisions\/6514"}],"up":[{"embeddable":true,"href":"https:\/\/inclusionsinlimitaciones.cl\/index.php\/wp-json\/wp\/v2\/pages\/3427"}],"wp:featuredmedia":[{"embeddable":true,"href":"https:\/\/inclusionsinlimitaciones.cl\/index.php\/wp-json\/wp\/v2\/media\/4564"}],"wp:attachment":[{"href":"https:\/\/inclusionsinlimitaciones.cl\/index.php\/wp-json\/wp\/v2\/media?parent=3433"}],"curies":[{"name":"wp","href":"https:\/\/api.w.org\/{rel}","templated":true}]}}