{"id":3419,"date":"2022-05-18T18:52:34","date_gmt":"2022-05-18T18:52:34","guid":{"rendered":"https:\/\/inclusionsinlimitaciones.cl\/?page_id=3419"},"modified":"2022-11-28T23:37:13","modified_gmt":"2022-11-28T23:37:13","slug":"social-personal","status":"publish","type":"page","link":"https:\/\/inclusionsinlimitaciones.cl\/index.php\/inclusion\/social-personal\/","title":{"rendered":"Social &#038; Personal"},"content":{"rendered":"\t\t<div data-elementor-type=\"wp-page\" data-elementor-id=\"3419\" class=\"elementor elementor-3419\">\n\t\t\t\t\t\t<section class=\"elementor-section elementor-top-section elementor-element elementor-element-5b4a358c elementor-section-boxed elementor-section-height-default elementor-section-height-default\" data-id=\"5b4a358c\" data-element_type=\"section\">\n\t\t\t\t\t\t<div class=\"elementor-container elementor-column-gap-default\">\n\t\t\t\t\t<div class=\"elementor-column elementor-col-100 elementor-top-column elementor-element elementor-element-94e1893\" data-id=\"94e1893\" data-element_type=\"column\">\n\t\t\t<div class=\"elementor-widget-wrap elementor-element-populated\">\n\t\t\t\t\t\t<div class=\"elementor-element elementor-element-75a78f8 elementor-widget elementor-widget-text-editor\" data-id=\"75a78f8\" data-element_type=\"widget\" data-widget_type=\"text-editor.default\">\n\t\t\t\t<div class=\"elementor-widget-container\">\n\t\t\t\t\t\t\t\t\t<p style=\"text-align: left;\">El modelo actual de comprensi\u00f3n de la discapacidad intelectual se refiere a \u00e9sta como un estado\u00a0<span style=\"font-size: 17px;\">de funcionamiento que variar\u00e1 significativamente en funci\u00f3n de los apoyos que recibe la persona. Desde esta perspectiva hemos desarrollado nuevos modelos basados en sus posibilidades, habilidades y participaci\u00f3n en el entorno social.<\/span><\/p>\t\t\t\t\t\t\t\t<\/div>\n\t\t\t\t<\/div>\n\t\t\t\t<div class=\"elementor-element elementor-element-449a3f51 elementor-widget elementor-widget-text-editor\" data-id=\"449a3f51\" data-element_type=\"widget\" data-widget_type=\"text-editor.default\">\n\t\t\t\t<div class=\"elementor-widget-container\">\n\t\t\t\t\t\t\t\t\t<p>Fomentamos el desarrollo de la persona como agente activo de su propia vida de acuerdo a su etapa de<span style=\"font-size: 17px;\">ciclo vital. Nos enfocamos en su habilitaci\u00f3n psicosocial desde una progresiva adquisici\u00f3n de h\u00e1bitos de<\/span><span style=\"font-size: 17px;\">autonom\u00eda personal, habilidades de comunicaci\u00f3n y herramientas para la resoluci\u00f3n de problemas. El\u00a0<\/span><span style=\"font-size: 17px;\">conocimiento de s\u00ed mismo\/a, el fortalecimiento de factores protectores y la elaboraci\u00f3n de un proyecto de\u00a0<\/span><span style=\"font-size: 17px;\">vida son parte de objetivos de este programa contribuyendo a aumentar la participaci\u00f3n y la toma de\u00a0<\/span><span style=\"font-size: 17px;\">decisiones sobre s\u00ed mismo.<\/span><\/p><p>De forma transversal y de acuerdo a su ciclo vital, proponemos planes de estimulaci\u00f3n cognitiva basados en\u00a0<span style=\"font-size: 17px;\">el concepto de \u201creserva cognitiva\u201d. Usando la plataforma Neuro Personal Trainer (GNPT) entrenamos\u00a0<\/span><span style=\"font-size: 17px;\">funciones cognitivas tales como: orientaci\u00f3n, atenci\u00f3n, c\u00e1lculo, percepci\u00f3n, cognici\u00f3n social, memoria,\u00a0<\/span><span style=\"font-size: 17px;\">funcionamiento ejecutivo y velocidad de procesamiento.<\/span><\/p><p>Para mayor detalle del GNPT hacer click <a href=\"https:\/\/www.sindromedownvidaadulta.org\/no32-junio-2019\/articulos-no32-vida-adulta\/envejecer-con-sindrome-de-down-el-gran-reto\/\" target=\"_blank\" rel=\"noopener\">aqu\u00ed<\/a>.\u00a0<\/p>\t\t\t\t\t\t\t\t<\/div>\n\t\t\t\t<\/div>\n\t\t\t\t\t<\/div>\n\t\t<\/div>\n\t\t\t\t\t<\/div>\n\t\t<\/section>\n\t\t\t\t<section class=\"elementor-section elementor-top-section elementor-element elementor-element-6ec74354 elementor-section-boxed elementor-section-height-default elementor-section-height-default\" data-id=\"6ec74354\" data-element_type=\"section\">\n\t\t\t\t\t\t<div class=\"elementor-container elementor-column-gap-default\">\n\t\t\t\t\t<div class=\"elementor-column elementor-col-100 elementor-top-column elementor-element elementor-element-2044d5ee\" data-id=\"2044d5ee\" data-element_type=\"column\">\n\t\t\t<div class=\"elementor-widget-wrap elementor-element-populated\">\n\t\t\t\t\t\t<div class=\"elementor-element elementor-element-59ee2180 elementor-arrows-position-inside elementor-pagination-position-outside elementor-widget elementor-widget-image-carousel\" data-id=\"59ee2180\" data-element_type=\"widget\" data-settings=\"{&quot;slides_to_show&quot;:&quot;1&quot;,&quot;navigation&quot;:&quot;both&quot;,&quot;autoplay&quot;:&quot;yes&quot;,&quot;pause_on_hover&quot;:&quot;yes&quot;,&quot;pause_on_interaction&quot;:&quot;yes&quot;,&quot;autoplay_speed&quot;:5000,&quot;infinite&quot;:&quot;yes&quot;,&quot;effect&quot;:&quot;slide&quot;,&quot;speed&quot;:500}\" data-widget_type=\"image-carousel.default\">\n\t\t\t\t<div class=\"elementor-widget-container\">\n\t\t\t\t\t\t\t<div class=\"elementor-image-carousel-wrapper swiper\" role=\"region\" aria-roledescription=\"carousel\" aria-label=\"Carrusel de im\u00e1genes\" dir=\"ltr\">\n\t\t\t<div class=\"elementor-image-carousel swiper-wrapper\" aria-live=\"off\">\n\t\t\t\t\t\t\t\t<div class=\"swiper-slide\" role=\"group\" aria-roledescription=\"slide\" aria-label=\"1 de 6\"><figure class=\"swiper-slide-inner\"><img decoding=\"async\" class=\"swiper-slide-image\" src=\"https:\/\/inclusionsinlimitaciones.cl\/wp-content\/uploads\/2022\/11\/gnpt_4-547x365.jpg\" alt=\"gnpt_4\" \/><\/figure><\/div><div class=\"swiper-slide\" role=\"group\" aria-roledescription=\"slide\" aria-label=\"2 de 6\"><figure class=\"swiper-slide-inner\"><img decoding=\"async\" class=\"swiper-slide-image\" src=\"https:\/\/inclusionsinlimitaciones.cl\/wp-content\/uploads\/2022\/11\/gnpt_6-547x365.jpg\" alt=\"gnpt_6\" \/><\/figure><\/div><div class=\"swiper-slide\" role=\"group\" aria-roledescription=\"slide\" aria-label=\"3 de 6\"><figure class=\"swiper-slide-inner\"><img decoding=\"async\" class=\"swiper-slide-image\" src=\"https:\/\/inclusionsinlimitaciones.cl\/wp-content\/uploads\/2022\/11\/gnpt_1-547x365.jpg\" alt=\"gnpt_1\" \/><\/figure><\/div><div class=\"swiper-slide\" role=\"group\" aria-roledescription=\"slide\" aria-label=\"4 de 6\"><figure class=\"swiper-slide-inner\"><img decoding=\"async\" class=\"swiper-slide-image\" src=\"https:\/\/inclusionsinlimitaciones.cl\/wp-content\/uploads\/2022\/11\/gnpt_2-547x365.jpg\" alt=\"gnpt_2\" \/><\/figure><\/div><div class=\"swiper-slide\" role=\"group\" aria-roledescription=\"slide\" aria-label=\"5 de 6\"><figure class=\"swiper-slide-inner\"><img decoding=\"async\" class=\"swiper-slide-image\" src=\"https:\/\/inclusionsinlimitaciones.cl\/wp-content\/uploads\/2022\/11\/gnpt_5-547x365.jpg\" alt=\"gnpt_5\" \/><\/figure><\/div><div class=\"swiper-slide\" role=\"group\" aria-roledescription=\"slide\" aria-label=\"6 de 6\"><figure class=\"swiper-slide-inner\"><img decoding=\"async\" class=\"swiper-slide-image\" src=\"https:\/\/inclusionsinlimitaciones.cl\/wp-content\/uploads\/2022\/11\/gnpt_3-547x365.jpg\" alt=\"gnpt_3\" \/><\/figure><\/div>\t\t\t<\/div>\n\t\t\t\t\t\t\t\t\t\t\t\t<div class=\"elementor-swiper-button elementor-swiper-button-prev\" role=\"button\" tabindex=\"0\">\n\t\t\t\t\t\t<i aria-hidden=\"true\" class=\"eicon-chevron-left\"><\/i>\t\t\t\t\t<\/div>\n\t\t\t\t\t<div class=\"elementor-swiper-button elementor-swiper-button-next\" role=\"button\" tabindex=\"0\">\n\t\t\t\t\t\t<i aria-hidden=\"true\" class=\"eicon-chevron-right\"><\/i>\t\t\t\t\t<\/div>\n\t\t\t\t\n\t\t\t\t\t\t\t\t\t<div class=\"swiper-pagination\"><\/div>\n\t\t\t\t\t\t\t\t\t<\/div>\n\t\t\t\t\t\t<\/div>\n\t\t\t\t<\/div>\n\t\t\t\t\t<\/div>\n\t\t<\/div>\n\t\t\t\t\t<\/div>\n\t\t<\/section>\n\t\t\t\t<section class=\"elementor-section elementor-top-section elementor-element elementor-element-f91af6e elementor-section-boxed elementor-section-height-default elementor-section-height-default\" data-id=\"f91af6e\" data-element_type=\"section\">\n\t\t\t\t\t\t<div class=\"elementor-container elementor-column-gap-default\">\n\t\t\t\t\t<div class=\"elementor-column elementor-col-100 elementor-top-column elementor-element elementor-element-4068a4a\" data-id=\"4068a4a\" data-element_type=\"column\">\n\t\t\t<div class=\"elementor-widget-wrap elementor-element-populated\">\n\t\t\t\t\t\t<div class=\"elementor-element elementor-element-6ea6e5c elementor-widget elementor-widget-text-editor\" data-id=\"6ea6e5c\" data-element_type=\"widget\" data-widget_type=\"text-editor.default\">\n\t\t\t\t<div class=\"elementor-widget-container\">\n\t\t\t\t\t\t\t\t\t<p style=\"font-family: Roboto, sans-serif; font-size: 17px; font-style: normal; font-weight: 400;\"><span style=\"font-family: Roboto, sans-serif; font-size: 17px; font-style: normal; font-weight: 400;\">Este programa considera:<\/span><\/p><p style=\"font-family: Roboto, sans-serif; font-size: 17px; font-style: normal; font-weight: 400;\">1.Taller de desarrollo personal<br \/><span style=\"font-size: 17px;\">2. Taller de Lectoescritura y actualidad<br \/><\/span><span style=\"font-size: 17px;\">3. Plan de estimulaci\u00f3n cognitiva mediante plataforma Neuro Personal Trainer (GNPT) \/\/\u00a0<a href=\"https:\/\/www.instagram.com\/p\/ClAPx3vu5cf\/?igshid=Zjc2ZTc4Nzk%3D\" target=\"_blank\" rel=\"noopener\">Ver Instagram<\/a><br \/><\/span><span style=\"font-family: Roboto, sans-serif; font-size: 17px; font-style: normal; font-weight: 400;\">4. Acompa\u00f1amiento psicosocial (a cargo de psic\u00f3logo y trabajador social)<\/span><\/p>\t\t\t\t\t\t\t\t<\/div>\n\t\t\t\t<\/div>\n\t\t\t\t\t<\/div>\n\t\t<\/div>\n\t\t\t\t\t<\/div>\n\t\t<\/section>\n\t\t\t\t<\/div>\n\t\t","protected":false},"excerpt":{"rendered":"<p>El modelo actual de comprensi\u00f3n de la discapacidad intelectual se refiere a \u00e9sta como un estado\u00a0de funcionamiento que variar\u00e1 significativamente en funci\u00f3n de los apoyos que recibe la persona. Desde esta perspectiva hemos desarrollado nuevos modelos basados en sus posibilidades, habilidades y participaci\u00f3n en el entorno social. Fomentamos el desarrollo de la persona como agente &hellip; <a href=\"https:\/\/inclusionsinlimitaciones.cl\/index.php\/inclusion\/social-personal\/\" class=\"more-link\">Continue reading <span class=\"screen-reader-text\">Social &#038; Personal<\/span><\/a><\/p>\n","protected":false},"author":1,"featured_media":4942,"parent":3412,"menu_order":2,"comment_status":"closed","ping_status":"closed","template":"","meta":{"footnotes":""},"class_list":["post-3419","page","type-page","status-publish","has-post-thumbnail","hentry"],"_links":{"self":[{"href":"https:\/\/inclusionsinlimitaciones.cl\/index.php\/wp-json\/wp\/v2\/pages\/3419","targetHints":{"allow":["GET"]}}],"collection":[{"href":"https:\/\/inclusionsinlimitaciones.cl\/index.php\/wp-json\/wp\/v2\/pages"}],"about":[{"href":"https:\/\/inclusionsinlimitaciones.cl\/index.php\/wp-json\/wp\/v2\/types\/page"}],"author":[{"embeddable":true,"href":"https:\/\/inclusionsinlimitaciones.cl\/index.php\/wp-json\/wp\/v2\/users\/1"}],"replies":[{"embeddable":true,"href":"https:\/\/inclusionsinlimitaciones.cl\/index.php\/wp-json\/wp\/v2\/comments?post=3419"}],"version-history":[{"count":36,"href":"https:\/\/inclusionsinlimitaciones.cl\/index.php\/wp-json\/wp\/v2\/pages\/3419\/revisions"}],"predecessor-version":[{"id":5775,"href":"https:\/\/inclusionsinlimitaciones.cl\/index.php\/wp-json\/wp\/v2\/pages\/3419\/revisions\/5775"}],"up":[{"embeddable":true,"href":"https:\/\/inclusionsinlimitaciones.cl\/index.php\/wp-json\/wp\/v2\/pages\/3412"}],"wp:featuredmedia":[{"embeddable":true,"href":"https:\/\/inclusionsinlimitaciones.cl\/index.php\/wp-json\/wp\/v2\/media\/4942"}],"wp:attachment":[{"href":"https:\/\/inclusionsinlimitaciones.cl\/index.php\/wp-json\/wp\/v2\/media?parent=3419"}],"curies":[{"name":"wp","href":"https:\/\/api.w.org\/{rel}","templated":true}]}}